{"id":395,"date":"2012-12-06T14:58:57","date_gmt":"2012-12-06T17:58:57","guid":{"rendered":"http:\/\/www.orc.com.br\/novo\/?page_id=395"},"modified":"2023-03-08T18:33:47","modified_gmt":"2023-03-08T21:33:47","slug":"anuncie","status":"publish","type":"page","link":"http:\/\/www.orc.com.br\/novo\/anuncie","title":{"rendered":"Anuncie na ORC"},"content":{"rendered":"<p>A ORC Comunica\u00e7\u00e3o \u00e9 uma empresa com 75 anos de exist\u00eancia (fundada em l.948) dedicados a \u00a0\u00e1rea \u00a0de \u00a0comunica\u00e7\u00e3o \u00a0como \u00a0jornais, emissoras de r\u00e1dio e Revista.<\/p>\n<p><strong>Velha assim, por que pensou no novo todo dia.<\/strong><\/p>\n<p>A <strong>Orl\u00e2ndia R\u00e1dio Clube<\/strong> &#8211; <strong>ORC<\/strong> \u00e9 o mais antigo, importante, respeitado e influente ve\u00edculo de comunica\u00e7\u00e3o da regi\u00e3o.<\/p>\n<p>Sua \u00a0programa\u00e7\u00e3o \u00e9 voltada a presta\u00e7\u00e3o de servi\u00e7o e jornalismo.<\/p>\n<p><strong><u>T<\/u><\/strong><strong><em><u>em\u00a0\u00a0 70%\u00a0 de Audi\u00eancia em 4 Pesquisas, encomendadas pela Prefeitura\u00a0 Municipal\u00a0 de\u00a0 Orl\u00e2ndia, atrav\u00e9s da empresa<\/u><\/em><\/strong><strong><em><u>\u00a0 Senha Brasil, <\/u><\/em><\/strong><strong><em><u>Engr\u00e1cia Garcia Pesquisa \u00a0de\u00a0 Mercado e Opini\u00e3o e\u00a0\u00a0 pela Factual Pesquisas de S\u00e3o Carlos.<\/u><\/em><\/strong><\/p>\n<p>Seu\u00a0 site\u00a0 chega\u00a0 ter mais de 6 mil acessos em m\u00e9dia por dia,\u00a0 impulsionado pelo\u00a0 r\u00e1dio. Acesse, e conhe\u00e7a nosso trabalho <strong><u><a href=\"http:\/\/www.orc.com.br\" data-saferedirecturl=\"https:\/\/www.google.com\/url?q=http:\/\/www.orc.com.br&amp;source=gmail&amp;ust=1587644919472000&amp;usg=AFQjCNEho3qegVt6ZXVqVIRCN_qPusV6_Q\">www.orc.com.br<\/a>.<\/u><\/strong><\/p>\n<p><strong>Tabela de pre\u00e7os<\/strong><\/p>\n<p>Hor\u00e1rio determinado \u2013 colocado das 06:00 \u00e0s 19:00 horas<\/p>\n<p>15\u201d\u2026\u2026\u2026\u2026\u2026\u2026\u2026\u2026\u2026\u2026\u2026\u2026\u2026\u2026\u2026\u2026\u2026..R$ 60,00<\/p>\n<p>30\u201d\u2026\u2026\u2026\u2026\u2026\u2026\u2026\u2026\u2026\u2026\u2026\u2026\u2026\u2026\u2026\u2026\u2026..R$ 100,00<\/p>\n<p>45\u201d\u2026\u2026\u2026\u2026\u2026\u2026\u2026\u2026\u2026\u2026\u2026\u2026\u2026\u2026\u2026\u2026\u2026..R$ 130,00<\/p>\n<p>60\u201d\u2026\u2026\u2026\u2026\u2026\u2026\u2026\u2026\u2026\u2026\u2026\u2026\u2026\u2026\u2026\u2026\u2026..R$ 140,00<\/p>\n<p>&nbsp;<\/p>\n<p>Hor\u00e1rio Indeterminado \u2013 Rotativo das 06:00 \u00e0s 19:00 horas<\/p>\n<p>15\u201d\u2026\u2026\u2026\u2026\u2026\u2026\u2026\u2026\u2026\u2026\u2026\u2026\u2026\u2026\u2026\u2026\u2026.R$ 50,00<\/p>\n<p>30\u201d\u2026\u2026\u2026\u2026\u2026\u2026\u2026\u2026\u2026\u2026\u2026\u2026\u2026\u2026\u2026\u2026\u2026.R$ 90,00<\/p>\n<p>45\u201d\u2026\u2026\u2026\u2026\u2026\u2026\u2026\u2026\u2026\u2026\u2026\u2026\u2026\u2026\u2026\u2026\u2026.R$ 110,00<\/p>\n<p>60\u201d\u2026\u2026\u2026\u2026\u2026\u2026\u2026\u2026\u2026\u2026\u2026\u2026\u2026\u2026\u2026\u2026\u2026.R$ 120,00<\/p>\n<p>&nbsp;<\/p>\n<p>Testemunhal<\/p>\n<p>15\u201d\u2026\u2026\u2026\u2026\u2026\u2026\u2026\u2026\u2026\u2026\u2026\u2026\u2026\u2026\u2026\u2026\u2026.R$ 180,00<\/p>\n<p>30\u201d\u2026\u2026\u2026\u2026\u2026\u2026\u2026\u2026\u2026\u2026\u2026\u2026\u2026\u2026\u2026\u2026\u2026.R$ 280,00<\/p>\n<p>45\u201d\u2026\u2026\u2026\u2026\u2026\u2026\u2026\u2026\u2026\u2026\u2026\u2026\u2026\u2026\u2026\u2026\u2026.R$ 320,00<\/p>\n<p>60\u201d\u2026\u2026\u2026\u2026\u2026\u2026\u2026\u2026\u2026\u2026\u2026\u2026\u2026\u2026\u2026\u2026\u2026.R$ 350,00<\/p>\n<p>&nbsp;<\/p>\n<p>R\u00e1dio Shop (Flash ao vivo) de at\u00e9 5 min.<\/p>\n<p>Presencial na loja&#8230;&#8230;&#8230;&#8230;&#8230;&#8230;&#8230;&#8230;&#8230;&#8230;R$ 530,00<\/p>\n<p>Por Telefone&#8230;&#8230;&#8230;&#8230;&#8230;&#8230;&#8230;&#8230;&#8230;&#8230;&#8230;&#8230;&#8230;.R$ 350,00<\/p>\n<p>Presencial na Emissora&#8230;&#8230;&#8230;&#8230;&#8230;&#8230;..R$ 350,00<\/p>\n<p>&nbsp;<\/p>\n<p>Ped\u00e1gios:<\/p>\n<p style=\"tab-stops: 8.0cm;\">1 dia&#8230;&#8230;&#8230;&#8230;&#8230;&#8230;&#8230;&#8230;&#8230;&#8230;&#8230;&#8230;&#8230;&#8230;&#8230;&#8230;..R$ 1.800,00<\/p>\n<p style=\"tab-stops: 8.0cm;\">\u00bd per\u00edodo&#8230;&#8230;&#8230;&#8230;&#8230;&#8230;&#8230;&#8230;&#8230;&#8230;&#8230;&#8230;&#8230;..R$ 1.000,00<\/p>\n<p>&nbsp;<\/p>\n<p>&nbsp;<\/p>\n<p><strong><u>Revista<br \/>\n<\/u><\/strong><\/p>\n<p style=\"tab-stops: 248.1pt;\">2 p\u00e1ginas&#8230;&#8230;&#8230;&#8230;&#8230;&#8230;&#8230;&#8230;&#8230;&#8230;&#8230;&#8230;&#8230;&#8230;&#8230;.R$ 4.200,00<\/p>\n<p style=\"tab-stops: 241.0pt;\">1 p\u00e1gina \u2013 Verso&#8230;&#8230;&#8230;&#8230;&#8230;&#8230;&#8230;&#8230;&#8230;&#8230;&#8230;.R$ 3.360,00<\/p>\n<p>1 p\u00e1gina&#8230;&#8230;&#8230;&#8230;&#8230;&#8230;&#8230;&#8230;&#8230;&#8230;&#8230;&#8230;&#8230;&#8230;&#8230;&#8230;R$ 2.760,00<\/p>\n<p style=\"tab-stops: 241.0pt;\">\u00bd p\u00e1gina&#8230;&#8230;&#8230;&#8230;&#8230;&#8230;&#8230;&#8230;&#8230;&#8230;&#8230;&#8230;&#8230;&#8230;&#8230;..R$ 2.760,00<\/p>\n<p>\u00bc p\u00e1gina&#8230;&#8230;&#8230;&#8230;&#8230;&#8230;&#8230;&#8230;&#8230;&#8230;&#8230;&#8230;&#8230;&#8230;&#8230;&#8230;..R$ 960,00<\/p>\n<p>*pre\u00e7o bruto com 20% de ag\u00eancia.<\/p>\n<p>&nbsp;<\/p>\n<p>&nbsp;<\/p>\n<p><strong><u>Site<\/u><\/strong><\/p>\n<p>15 dias -Primeira P\u00e1gina tamanho 20 X 12&#8230;&#8230;R$ 2.200,00<\/p>\n<p>30 dias &#8211; Primeira P\u00e1gina tamanho 20 X 12&#8230;..R$ 3.900,00<\/p>\n<p>&nbsp;<\/p>\n<p>ORC Comunica\u00e7\u00e3o<br \/>\n(16) 3826-3000<br \/>\n(16) 9 9995-0365<\/p>\n<div id=\"fb_share_1\" style=\"float: right; margin-left: 10px;\"><a name=\"fb_share\" type=\"button\" share_url=\"http:\/\/www.orc.com.br\/novo\/anuncie\" href=\"http:\/\/www.facebook.com\/sharer.php\">Share<\/a><\/div><div><script src=\"http:\/\/static.ak.fbcdn.net\/connect.php\/js\/FB.Share\" type=\"text\/javascript\"><\/script><\/div>","protected":false},"excerpt":{"rendered":"<p>A ORC Comunica\u00e7\u00e3o \u00e9 uma empresa com 75 anos de exist\u00eancia (fundada em l.948) dedicados a \u00a0\u00e1rea \u00a0de \u00a0comunica\u00e7\u00e3o \u00a0como \u00a0jornais, emissoras de r\u00e1dio e Revista. Velha assim, por que pensou no novo todo dia. A Orl\u00e2ndia R\u00e1dio Clube &#8211; ORC \u00e9 o mais antigo, importante, respeitado e influente ve\u00edculo de comunica\u00e7\u00e3o da regi\u00e3o. Sua &#8230;<\/p>\n","protected":false},"author":3,"featured_media":0,"parent":0,"menu_order":0,"comment_status":"open","ping_status":"open","template":"","meta":[],"_links":{"self":[{"href":"http:\/\/www.orc.com.br\/novo\/wp-json\/wp\/v2\/pages\/395"}],"collection":[{"href":"http:\/\/www.orc.com.br\/novo\/wp-json\/wp\/v2\/pages"}],"about":[{"href":"http:\/\/www.orc.com.br\/novo\/wp-json\/wp\/v2\/types\/page"}],"author":[{"embeddable":true,"href":"http:\/\/www.orc.com.br\/novo\/wp-json\/wp\/v2\/users\/3"}],"replies":[{"embeddable":true,"href":"http:\/\/www.orc.com.br\/novo\/wp-json\/wp\/v2\/comments?post=395"}],"version-history":[{"count":20,"href":"http:\/\/www.orc.com.br\/novo\/wp-json\/wp\/v2\/pages\/395\/revisions"}],"predecessor-version":[{"id":139174,"href":"http:\/\/www.orc.com.br\/novo\/wp-json\/wp\/v2\/pages\/395\/revisions\/139174"}],"wp:attachment":[{"href":"http:\/\/www.orc.com.br\/novo\/wp-json\/wp\/v2\/media?parent=395"}],"curies":[{"name":"wp","href":"https:\/\/api.w.org\/{rel}","templated":true}]}}