{"id":44014,"date":"2015-06-11T17:20:52","date_gmt":"2015-06-11T20:20:52","guid":{"rendered":"http:\/\/www.orc.com.br\/novo\/?page_id=44014"},"modified":"2020-05-21T10:22:33","modified_gmt":"2020-05-21T13:22:33","slug":"aplicativo-da-orc","status":"publish","type":"page","link":"http:\/\/www.orc.com.br\/novo\/aplicativo-da-orc","title":{"rendered":"Aplicativo da ORC"},"content":{"rendered":"<p style=\"text-align: justify;\">Agora a sua r\u00e1dio preferida chegou ao Windows Phone, iOS e Android, contando com recursos avan\u00e7ados de interatividade, onde voc\u00ea pode interagir conosco em qualquer lugar, a qualquer hora. Ou\u00e7a. Participe. Compartilhe 24 horas de programa\u00e7\u00e3o. Seja bem-vindo ao nosso Aplicativo! \u00c9 o coletivo de interatividade.<\/p>\n<p><strong>Funcionalidades:<\/strong><\/p>\n<ul>\n<li>Fun\u00e7\u00e3o Play\/Stop na Lock Screen.<\/li>\n<li>Funciona em 3G, 4G ou WIFI.<\/li>\n<li>Acesso ao nosso Portal.<\/li>\n<li>Controle de navega\u00e7\u00e3o pelo site dentro do Aplicativo.<\/li>\n<li>Atualizamos nosso aplicativo diariamente.<\/li>\n<\/ul>\n<p>Voc\u00ea pode acompanhar nossa programa\u00e7\u00e3o em qualquer parte do mundo, em seu iPhone, iPod e iPad.<\/p>\n<p><strong>Links para Download<\/strong><\/p>\n<ul>\n<li>Plataforma iOS \u00a0&#8211;\u00a0 <a href=\"https:\/\/apps.apple.com\/br\/app\/orl%C3%A2ndia-r%C3%A1dio-clube-am\/id1255553787\"><span style=\"color: #0000ff;\">https:\/\/apps.apple.com\/br\/app\/orl%C3%A2ndia-r%C3%A1dio-clube-am\/id1255553787<\/span><\/a><\/li>\n<li>Plataforma Android \u2013\u00a0<span style=\"color: #0000ff;\"><a style=\"color: #0000ff;\" href=\"https:\/\/play.google.com\/store\/apps\/details?id=br.com.devmaker.orlandiaclubeam\">https:\/\/play.google.com\/store\/apps\/details?id=br.com.devmaker.orlandiaclubeam<\/a><\/span><\/li>\n<\/ul>\n<div id=\"fb_share_1\" style=\"float: right; margin-left: 10px;\"><a name=\"fb_share\" type=\"button\" share_url=\"http:\/\/www.orc.com.br\/novo\/aplicativo-da-orc\" href=\"http:\/\/www.facebook.com\/sharer.php\">Share<\/a><\/div><div><script src=\"http:\/\/static.ak.fbcdn.net\/connect.php\/js\/FB.Share\" type=\"text\/javascript\"><\/script><\/div>","protected":false},"excerpt":{"rendered":"<p>Agora a sua r\u00e1dio preferida chegou ao Windows Phone, iOS e Android, contando com recursos avan\u00e7ados de interatividade, onde voc\u00ea pode interagir conosco em qualquer lugar, a qualquer hora. Ou\u00e7a. Participe. Compartilhe 24 horas de programa\u00e7\u00e3o. Seja bem-vindo ao nosso Aplicativo! \u00c9 o coletivo de interatividade. Funcionalidades: Fun\u00e7\u00e3o Play\/Stop na Lock Screen. Funciona em 3G, &#8230;<\/p>\n","protected":false},"author":3,"featured_media":0,"parent":0,"menu_order":0,"comment_status":"open","ping_status":"open","template":"","meta":[],"_links":{"self":[{"href":"http:\/\/www.orc.com.br\/novo\/wp-json\/wp\/v2\/pages\/44014"}],"collection":[{"href":"http:\/\/www.orc.com.br\/novo\/wp-json\/wp\/v2\/pages"}],"about":[{"href":"http:\/\/www.orc.com.br\/novo\/wp-json\/wp\/v2\/types\/page"}],"author":[{"embeddable":true,"href":"http:\/\/www.orc.com.br\/novo\/wp-json\/wp\/v2\/users\/3"}],"replies":[{"embeddable":true,"href":"http:\/\/www.orc.com.br\/novo\/wp-json\/wp\/v2\/comments?post=44014"}],"version-history":[{"count":11,"href":"http:\/\/www.orc.com.br\/novo\/wp-json\/wp\/v2\/pages\/44014\/revisions"}],"predecessor-version":[{"id":109668,"href":"http:\/\/www.orc.com.br\/novo\/wp-json\/wp\/v2\/pages\/44014\/revisions\/109668"}],"wp:attachment":[{"href":"http:\/\/www.orc.com.br\/novo\/wp-json\/wp\/v2\/media?parent=44014"}],"curies":[{"name":"wp","href":"https:\/\/api.w.org\/{rel}","templated":true}]}}