{"id":85738,"date":"2018-04-06T12:23:04","date_gmt":"2018-04-06T15:23:04","guid":{"rendered":"http:\/\/www.orc.com.br\/novo\/?page_id=85738"},"modified":"2020-07-17T16:01:25","modified_gmt":"2020-07-17T19:01:25","slug":"ouca-agora-ao-vivo","status":"publish","type":"page","link":"http:\/\/www.orc.com.br\/novo\/ouca-agora-ao-vivo","title":{"rendered":"Ou\u00e7a Agora ao Vivo"},"content":{"rendered":"<h4>Clique no player abaixo e ou\u00e7a nossa r\u00e1dio ao vivo!<\/h4>\n<p>&nbsp;<\/p>\n<p><audio autoplay=\"autoplay\" controls=\"controls\"><source src=\"https:\/\/str1.streamhostpg.com.br:8078\/stream\" type=\"audio\/aac\" \/><\/audio><\/p>\n<div id=\"fb_share_1\" style=\"float: right; margin-left: 10px;\"><a name=\"fb_share\" type=\"button\" share_url=\"http:\/\/www.orc.com.br\/novo\/ouca-agora-ao-vivo\" href=\"http:\/\/www.facebook.com\/sharer.php\">Share<\/a><\/div><div><script src=\"http:\/\/static.ak.fbcdn.net\/connect.php\/js\/FB.Share\" type=\"text\/javascript\"><\/script><\/div>","protected":false},"excerpt":{"rendered":"<p>Clique no player abaixo e ou\u00e7a nossa r\u00e1dio ao vivo! &nbsp; Share<\/p>\n","protected":false},"author":3,"featured_media":0,"parent":0,"menu_order":0,"comment_status":"closed","ping_status":"closed","template":"","meta":[],"_links":{"self":[{"href":"http:\/\/www.orc.com.br\/novo\/wp-json\/wp\/v2\/pages\/85738"}],"collection":[{"href":"http:\/\/www.orc.com.br\/novo\/wp-json\/wp\/v2\/pages"}],"about":[{"href":"http:\/\/www.orc.com.br\/novo\/wp-json\/wp\/v2\/types\/page"}],"author":[{"embeddable":true,"href":"http:\/\/www.orc.com.br\/novo\/wp-json\/wp\/v2\/users\/3"}],"replies":[{"embeddable":true,"href":"http:\/\/www.orc.com.br\/novo\/wp-json\/wp\/v2\/comments?post=85738"}],"version-history":[{"count":4,"href":"http:\/\/www.orc.com.br\/novo\/wp-json\/wp\/v2\/pages\/85738\/revisions"}],"predecessor-version":[{"id":111890,"href":"http:\/\/www.orc.com.br\/novo\/wp-json\/wp\/v2\/pages\/85738\/revisions\/111890"}],"wp:attachment":[{"href":"http:\/\/www.orc.com.br\/novo\/wp-json\/wp\/v2\/media?parent=85738"}],"curies":[{"name":"wp","href":"https:\/\/api.w.org\/{rel}","templated":true}]}}